{"id":790,"date":"2024-07-26T08:30:24","date_gmt":"2024-07-26T08:30:24","guid":{"rendered":"https:\/\/stem4humanities.eu\/?page_id=790"},"modified":"2025-12-20T17:00:49","modified_gmt":"2025-12-20T17:00:49","slug":"spaudos-centras","status":"publish","type":"page","link":"https:\/\/stem4humanities.eu\/?page_id=790&lang=lt","title":{"rendered":"Spaudos centras"},"content":{"rendered":"\t\t<div data-elementor-type=\"wp-page\" data-elementor-id=\"790\" class=\"elementor elementor-790\" data-elementor-post-type=\"page\">\n\t\t\t\t\t\t<section class=\"elementor-section elementor-top-section elementor-element elementor-element-371001b elementor-section-boxed elementor-section-height-default elementor-section-height-default jltma-glass-effect-no\" data-id=\"371001b\" data-element_type=\"section\" data-e-type=\"section\">\n\t\t\t\t\t\t<div class=\"elementor-container elementor-column-gap-default\">\n\t\t\t\t\t<div class=\"elementor-column elementor-col-50 elementor-top-column elementor-element elementor-element-c13a2a6 jltma-glass-effect-no\" data-id=\"c13a2a6\" data-element_type=\"column\" data-e-type=\"column\">\n\t\t\t<div class=\"elementor-widget-wrap elementor-element-populated\">\n\t\t\t\t\t\t<div class=\"elementor-element elementor-element-0d4f3db jltma-glass-effect-no elementor-widget elementor-widget-spacer\" data-id=\"0d4f3db\" data-element_type=\"widget\" data-e-type=\"widget\" data-widget_type=\"spacer.default\">\n\t\t\t\t\t\t\t<div class=\"elementor-spacer\">\n\t\t\t<div class=\"elementor-spacer-inner\"><\/div>\n\t\t<\/div>\n\t\t\t\t\t\t<\/div>\n\t\t\t\t<div class=\"elementor-element elementor-element-2fc54d87 jltma-glass-effect-no elementor-widget elementor-widget-elementskit-heading\" data-id=\"2fc54d87\" data-element_type=\"widget\" data-e-type=\"widget\" data-widget_type=\"elementskit-heading.default\">\n\t\t\t\t\t<div class=\"ekit-wid-con\" ><div class=\"ekit-heading elementskit-section-title-wraper text_left   ekit_heading_tablet-   ekit_heading_mobile-\"><h2 class=\"ekit-heading--title elementskit-section-title \">Sveiki atvyk\u0119 \u012f did\u017eiausi\u0105 naujien\u0105 STEM4HUMANITIES<\/h2>\t\t\t\t<div class='ekit-heading__description'>\n\t\t\t\t\t<p>Sveiki atvyk\u0119 \u012f m\u016bs\u0173 naujien\u0173 skyri\u0173, kuriame glaustai pateikiama naujausia informacija ir analiz\u0117, kad gal\u0117tum\u0117te priimti pagr\u012fstus sprendimus.<\/p>\n\t\t\t\t<\/div>\n\t\t\t<\/div><\/div>\t\t\t\t<\/div>\n\t\t\t\t\t<\/div>\n\t\t<\/div>\n\t\t\t\t<div class=\"elementor-column elementor-col-50 elementor-top-column elementor-element elementor-element-862f1e1 jltma-glass-effect-no\" data-id=\"862f1e1\" data-element_type=\"column\" data-e-type=\"column\">\n\t\t\t<div class=\"elementor-widget-wrap elementor-element-populated\">\n\t\t\t\t\t\t<div class=\"elementor-element elementor-element-2298e4d jltma-glass-effect-no elementor-widget elementor-widget-spacer\" data-id=\"2298e4d\" data-element_type=\"widget\" data-e-type=\"widget\" data-widget_type=\"spacer.default\">\n\t\t\t\t\t\t\t<div class=\"elementor-spacer\">\n\t\t\t<div class=\"elementor-spacer-inner\"><\/div>\n\t\t<\/div>\n\t\t\t\t\t\t<\/div>\n\t\t\t\t<div class=\"elementor-element elementor-element-10ba593d elementor-widget__width-initial jltma-glass-effect-no elementor-widget elementor-widget-image\" data-id=\"10ba593d\" data-element_type=\"widget\" data-e-type=\"widget\" data-widget_type=\"image.default\">\n\t\t\t\t\t\t\t\t\t\t\t\t\t\t\t<img fetchpriority=\"high\" decoding=\"async\" width=\"603\" height=\"620\" src=\"https:\/\/stem4humanities.eu\/wp-content\/uploads\/2024\/02\/left_imagsasase1.png\" class=\"attachment-large size-large wp-image-321\" alt=\"\" srcset=\"https:\/\/stem4humanities.eu\/wp-content\/uploads\/2024\/02\/left_imagsasase1.png 603w, https:\/\/stem4humanities.eu\/wp-content\/uploads\/2024\/02\/left_imagsasase1-292x300.png 292w\" sizes=\"(max-width: 603px) 100vw, 603px\" \/>\t\t\t\t\t\t\t\t\t\t\t\t\t\t\t<\/div>\n\t\t\t\t\t<\/div>\n\t\t<\/div>\n\t\t\t\t\t<\/div>\n\t\t<\/section>\n\t\t\t\t<section class=\"elementor-section elementor-top-section elementor-element elementor-element-29a6c88 elementor-section-boxed elementor-section-height-default elementor-section-height-default jltma-glass-effect-no\" data-id=\"29a6c88\" data-element_type=\"section\" data-e-type=\"section\">\n\t\t\t\t\t\t<div class=\"elementor-container elementor-column-gap-default\">\n\t\t\t\t\t<div class=\"elementor-column elementor-col-100 elementor-top-column elementor-element elementor-element-60ddad6 jltma-glass-effect-no\" data-id=\"60ddad6\" data-element_type=\"column\" data-e-type=\"column\">\n\t\t\t<div class=\"elementor-widget-wrap elementor-element-populated\">\n\t\t\t\t\t\t<section class=\"elementor-section elementor-inner-section elementor-element elementor-element-e6ffd79 elementor-section-boxed elementor-section-height-default elementor-section-height-default jltma-glass-effect-no\" data-id=\"e6ffd79\" data-element_type=\"section\" data-e-type=\"section\">\n\t\t\t\t\t\t<div class=\"elementor-container elementor-column-gap-default\">\n\t\t\t\t\t<div class=\"elementor-column elementor-col-50 elementor-inner-column elementor-element elementor-element-31216b2 jltma-glass-effect-no\" data-id=\"31216b2\" data-element_type=\"column\" data-e-type=\"column\">\n\t\t\t<div class=\"elementor-widget-wrap elementor-element-populated\">\n\t\t\t\t\t\t<div class=\"elementor-element elementor-element-2f283e68 elementor-widget__width-initial jltma-glass-effect-no elementor-widget elementor-widget-image\" data-id=\"2f283e68\" data-element_type=\"widget\" data-e-type=\"widget\" data-widget_type=\"image.default\">\n\t\t\t\t\t\t\t\t\t\t\t\t\t\t\t<img decoding=\"async\" width=\"1536\" height=\"882\" src=\"https:\/\/stem4humanities.eu\/wp-content\/uploads\/2024\/02\/8741-1536x882.jpg\" class=\"attachment-1536x1536 size-1536x1536 wp-image-401\" alt=\"\" srcset=\"https:\/\/stem4humanities.eu\/wp-content\/uploads\/2024\/02\/8741-1536x882.jpg 1536w, https:\/\/stem4humanities.eu\/wp-content\/uploads\/2024\/02\/8741-300x172.jpg 300w, https:\/\/stem4humanities.eu\/wp-content\/uploads\/2024\/02\/8741-1024x588.jpg 1024w, https:\/\/stem4humanities.eu\/wp-content\/uploads\/2024\/02\/8741-768x441.jpg 768w, https:\/\/stem4humanities.eu\/wp-content\/uploads\/2024\/02\/8741-2048x1176.jpg 2048w, https:\/\/stem4humanities.eu\/wp-content\/uploads\/2024\/02\/8741-1140x654.jpg 1140w\" sizes=\"(max-width: 1536px) 100vw, 1536px\" \/>\t\t\t\t\t\t\t\t\t\t\t\t\t\t\t<\/div>\n\t\t\t\t\t<\/div>\n\t\t<\/div>\n\t\t\t\t<div class=\"elementor-column elementor-col-50 elementor-inner-column elementor-element elementor-element-41cc66f jltma-glass-effect-no\" data-id=\"41cc66f\" data-element_type=\"column\" data-e-type=\"column\">\n\t\t\t<div class=\"elementor-widget-wrap elementor-element-populated\">\n\t\t\t\t\t\t<div class=\"elementor-element elementor-element-a2f74b3 jltma-glass-effect-no elementor-widget elementor-widget-elementskit-heading\" data-id=\"a2f74b3\" data-element_type=\"widget\" data-e-type=\"widget\" data-widget_type=\"elementskit-heading.default\">\n\t\t\t\t\t<div class=\"ekit-wid-con\" ><div class=\"ekit-heading elementskit-section-title-wraper text_left   ekit_heading_tablet-   ekit_heading_mobile-\"><h2 class=\"ekit-heading--title elementskit-section-title \">Naujausios naujienos<\/h2><\/div><\/div>\t\t\t\t<\/div>\n\t\t\t\t<div class=\"elementor-element elementor-element-ad62d0e ekit-equal-height-disable jltma-glass-effect-no elementor-widget elementor-widget-elementskit-icon-box\" data-id=\"ad62d0e\" data-element_type=\"widget\" data-e-type=\"widget\" data-widget_type=\"elementskit-icon-box.default\">\n\t\t\t\t\t<div class=\"ekit-wid-con\" >        <!-- link opening -->\n                <a href=\"https:\/\/stem4humanities.eu\/?p=904&#038;lang=lt\" class=\"ekit_global_links\">\n                <!-- end link opening -->\n\n        <div class=\"elementskit-infobox text-left text-left icon-lef-right-aligin elementor-animation- media  \">\n                    <div class=\"elementskit-box-header elementor-animation-\">\n                <div class=\"elementskit-info-box-icon  text-center\">\n                    <i aria-hidden=\"true\" class=\"elementkit-infobox-icon icon icon-edit1\"><\/i>\n                <\/div>\n          <\/div>\n                        <div class=\"box-body\">\n                            <h3 class=\"elementskit-info-box-title\">\n                    Post 1                <\/h3>\n                        \t\t  \t<p>Pirmasis projekto ,,STEM4Humanities\u201d susitikimas Ma\u010deratoje, Italijoje<\/p>\n                                <\/div>\n        \n        \n                <\/div>\n                <\/a>\n        <\/div>\t\t\t\t<\/div>\n\t\t\t\t<div class=\"elementor-element elementor-element-77b02e3 ekit-equal-height-disable jltma-glass-effect-no elementor-widget elementor-widget-elementskit-icon-box\" data-id=\"77b02e3\" data-element_type=\"widget\" data-e-type=\"widget\" data-widget_type=\"elementskit-icon-box.default\">\n\t\t\t\t\t<div class=\"ekit-wid-con\" >        <!-- link opening -->\n                <a href=\"https:\/\/stem4humanities.eu\/?p=976&#038;lang=lt\" class=\"ekit_global_links\">\n                <!-- end link opening -->\n\n        <div class=\"elementskit-infobox text-left text-left icon-lef-right-aligin elementor-animation- media  \">\n                    <div class=\"elementskit-box-header elementor-animation-\">\n                <div class=\"elementskit-info-box-icon  text-center\">\n                    <i aria-hidden=\"true\" class=\"elementkit-infobox-icon icon icon-cloud-computing1\"><\/i>\n                <\/div>\n          <\/div>\n                        <div class=\"box-body\">\n                            <h3 class=\"elementskit-info-box-title\">\n                    Post 2                <\/h3>\n                        \t\t  \t<p>Tobulink mokymo \u012fg\u016bd\u017eius su STEM: atlik \u012fsivertinimo test\u0105!<\/p>\n                                <\/div>\n        \n        \n                <\/div>\n                <\/a>\n        <\/div>\t\t\t\t<\/div>\n\t\t\t\t<div class=\"elementor-element elementor-element-19dea06 ekit-equal-height-disable jltma-glass-effect-no elementor-widget elementor-widget-elementskit-icon-box\" data-id=\"19dea06\" data-element_type=\"widget\" data-e-type=\"widget\" data-widget_type=\"elementskit-icon-box.default\">\n\t\t\t\t\t<div class=\"ekit-wid-con\" >        <!-- link opening -->\n                <a href=\"https:\/\/stem4humanities.eu\/?p=1314&#038;lang=lt\" class=\"ekit_global_links\">\n                <!-- end link opening -->\n\n        <div class=\"elementskit-infobox text-left text-left icon-lef-right-aligin elementor-animation- media  \">\n                    <div class=\"elementskit-box-header elementor-animation-\">\n                <div class=\"elementskit-info-box-icon  text-center\">\n                    <i aria-hidden=\"true\" class=\"elementkit-infobox-icon icon icon-edit1\"><\/i>\n                <\/div>\n          <\/div>\n                        <div class=\"box-body\">\n                            <h3 class=\"elementskit-info-box-title\">\n                    Post 3                <\/h3>\n                        \t\t  \t<p>Antrasis tarptautinis projekto susitikimas At\u0117nuose, kur\u012f organizavo Metropolitan College<\/p>\n                                <\/div>\n        \n        \n                <\/div>\n                <\/a>\n        <\/div>\t\t\t\t<\/div>\n\t\t\t\t<div class=\"elementor-element elementor-element-3ca570d ekit-equal-height-disable jltma-glass-effect-no elementor-widget elementor-widget-elementskit-icon-box\" data-id=\"3ca570d\" data-element_type=\"widget\" data-e-type=\"widget\" data-widget_type=\"elementskit-icon-box.default\">\n\t\t\t\t\t<div class=\"ekit-wid-con\" >        <!-- link opening -->\n                <a href=\"https:\/\/stem4humanities.eu\/?p=1322&#038;lang=lt\" class=\"ekit_global_links\">\n                <!-- end link opening -->\n\n        <div class=\"elementskit-infobox text-left text-left icon-lef-right-aligin elementor-animation- media  \">\n                    <div class=\"elementskit-box-header elementor-animation-\">\n                <div class=\"elementskit-info-box-icon  text-center\">\n                    <i aria-hidden=\"true\" class=\"elementkit-infobox-icon icon icon-cloud-computing1\"><\/i>\n                <\/div>\n          <\/div>\n                        <div class=\"box-body\">\n                            <h3 class=\"elementskit-info-box-title\">\n                    Post 4                <\/h3>\n                        \t\t  \t<p>STEM humanitariniams ir socialiniams mokslams mini kurso k\u016brimas: Duomenimis gr\u012fstas po\u017ei\u016bris<\/p>\n                                <\/div>\n        \n        \n                <\/div>\n                <\/a>\n        <\/div>\t\t\t\t<\/div>\n\t\t\t\t<div class=\"elementor-element elementor-element-626ab52 ekit-equal-height-disable jltma-glass-effect-no elementor-widget elementor-widget-elementskit-icon-box\" data-id=\"626ab52\" data-element_type=\"widget\" data-e-type=\"widget\" data-widget_type=\"elementskit-icon-box.default\">\n\t\t\t\t\t<div class=\"ekit-wid-con\" >        <!-- link opening -->\n                <a href=\"https:\/\/stem4humanities.eu\/?p=1499&#038;lang=lt\" class=\"ekit_global_links\">\n                <!-- end link opening -->\n\n        <div class=\"elementskit-infobox text-left text-left icon-lef-right-aligin elementor-animation- media  \">\n                    <div class=\"elementskit-box-header elementor-animation-\">\n                <div class=\"elementskit-info-box-icon  text-center\">\n                    <i aria-hidden=\"true\" class=\"elementkit-infobox-icon icon icon-cloud-computing1\"><\/i>\n                <\/div>\n          <\/div>\n                        <div class=\"box-body\">\n                            <h3 class=\"elementskit-info-box-title\">\n                    Post 5                <\/h3>\n                        \t\t  \t<p>3-iasis tarptautinis projekto susitikimas Vroclave, Lenkijoje<\/p>\n                                <\/div>\n        \n        \n                <\/div>\n                <\/a>\n        <\/div>\t\t\t\t<\/div>\n\t\t\t\t<div class=\"elementor-element elementor-element-2d76647 ekit-equal-height-disable jltma-glass-effect-no elementor-widget elementor-widget-elementskit-icon-box\" data-id=\"2d76647\" data-element_type=\"widget\" data-e-type=\"widget\" data-widget_type=\"elementskit-icon-box.default\">\n\t\t\t\t\t<div class=\"ekit-wid-con\" >        <!-- link opening -->\n                <a href=\"https:\/\/stem4humanities.eu\/?p=1669&#038;lang=lt\" class=\"ekit_global_links\">\n                <!-- end link opening -->\n\n        <div class=\"elementskit-infobox text-left text-left icon-lef-right-aligin elementor-animation- media  \">\n                    <div class=\"elementskit-box-header elementor-animation-\">\n                <div class=\"elementskit-info-box-icon  text-center\">\n                    <i aria-hidden=\"true\" class=\"elementkit-infobox-icon icon icon-cloud-computing1\"><\/i>\n                <\/div>\n          <\/div>\n                        <div class=\"box-body\">\n                            <h3 class=\"elementskit-info-box-title\">\n                    Post 6                <\/h3>\n                        \t\t  \t<p>Paskutinis tarptautinio projekto susitikimas Vilniuje, Lietuvoje<\/p>\n                                <\/div>\n        \n        \n                <\/div>\n                <\/a>\n        <\/div>\t\t\t\t<\/div>\n\t\t\t\t<div class=\"elementor-element elementor-element-b419bdc ekit-equal-height-disable jltma-glass-effect-no elementor-widget elementor-widget-elementskit-icon-box\" data-id=\"b419bdc\" data-element_type=\"widget\" data-e-type=\"widget\" data-widget_type=\"elementskit-icon-box.default\">\n\t\t\t\t\t<div class=\"ekit-wid-con\" >        <!-- link opening -->\n                <a href=\"https:\/\/stem4humanities.eu\/?p=1601&#038;lang=lt\" class=\"ekit_global_links\">\n                <!-- end link opening -->\n\n        <div class=\"elementskit-infobox text-left text-left icon-lef-right-aligin elementor-animation- media  \">\n                    <div class=\"elementskit-box-header elementor-animation-\">\n                <div class=\"elementskit-info-box-icon  text-center\">\n                    <i aria-hidden=\"true\" class=\"elementkit-infobox-icon icon icon-cloud-computing1\"><\/i>\n                <\/div>\n          <\/div>\n                        <div class=\"box-body\">\n                            <h3 class=\"elementskit-info-box-title\">\n                    Post 7                <\/h3>\n                        \t\t  \t<p>Baigiamoji konferencija Vilniuje, Lietuvoje<\/p>\n                                <\/div>\n        \n        \n                <\/div>\n                <\/a>\n        <\/div>\t\t\t\t<\/div>\n\t\t\t\t\t<\/div>\n\t\t<\/div>\n\t\t\t\t\t<\/div>\n\t\t<\/section>\n\t\t\t\t<div class=\"elementor-element elementor-element-049627b jltma-glass-effect-no elementor-widget elementor-widget-spacer\" data-id=\"049627b\" data-element_type=\"widget\" data-e-type=\"widget\" data-widget_type=\"spacer.default\">\n\t\t\t\t\t\t\t<div class=\"elementor-spacer\">\n\t\t\t<div class=\"elementor-spacer-inner\"><\/div>\n\t\t<\/div>\n\t\t\t\t\t\t<\/div>\n\t\t\t\t\t<\/div>\n\t\t<\/div>\n\t\t\t\t\t<\/div>\n\t\t<\/section>\n\t\t\t\t<section class=\"elementor-section elementor-top-section elementor-element elementor-element-9406127 elementor-section-boxed elementor-section-height-default elementor-section-height-default jltma-glass-effect-no\" data-id=\"9406127\" data-element_type=\"section\" data-e-type=\"section\">\n\t\t\t\t\t\t<div class=\"elementor-container elementor-column-gap-default\">\n\t\t\t\t\t<div class=\"elementor-column elementor-col-50 elementor-top-column elementor-element elementor-element-37de94c jltma-glass-effect-no\" data-id=\"37de94c\" data-element_type=\"column\" data-e-type=\"column\">\n\t\t\t<div class=\"elementor-widget-wrap elementor-element-populated\">\n\t\t\t\t\t\t<div class=\"elementor-element elementor-element-7170efa jltma-glass-effect-no elementor-widget elementor-widget-image\" data-id=\"7170efa\" data-element_type=\"widget\" data-e-type=\"widget\" data-widget_type=\"image.default\">\n\t\t\t\t\t\t\t\t\t\t\t\t\t\t\t\t<a href=\"https:\/\/stem4humanities.eu\">\n\t\t\t\t\t\t\t<img decoding=\"async\" width=\"300\" height=\"63\" src=\"https:\/\/stem4humanities.eu\/wp-content\/uploads\/2024\/02\/EN_Co-funded_by_the_EU-transparent-300x63.png\" class=\"attachment-medium size-medium wp-image-273\" alt=\"\" srcset=\"https:\/\/stem4humanities.eu\/wp-content\/uploads\/2024\/02\/EN_Co-funded_by_the_EU-transparent-300x63.png 300w, https:\/\/stem4humanities.eu\/wp-content\/uploads\/2024\/02\/EN_Co-funded_by_the_EU-transparent-768x161.png 768w, https:\/\/stem4humanities.eu\/wp-content\/uploads\/2024\/02\/EN_Co-funded_by_the_EU-transparent.png 1024w\" sizes=\"(max-width: 300px) 100vw, 300px\" \/>\t\t\t\t\t\t\t\t<\/a>\n\t\t\t\t\t\t\t\t\t\t\t\t\t\t\t<\/div>\n\t\t\t\t\t<\/div>\n\t\t<\/div>\n\t\t\t\t<div class=\"elementor-column elementor-col-50 elementor-top-column elementor-element elementor-element-187808b jltma-glass-effect-no\" data-id=\"187808b\" data-element_type=\"column\" data-e-type=\"column\">\n\t\t\t<div class=\"elementor-widget-wrap elementor-element-populated\">\n\t\t\t\t\t\t<div class=\"elementor-element elementor-element-49fb5c4 jltma-glass-effect-no elementor-widget elementor-widget-text-editor\" data-id=\"49fb5c4\" data-element_type=\"widget\" data-e-type=\"widget\" data-widget_type=\"text-editor.default\">\n\t\t\t\t\t\t\t\t\t<p>Projektas finansuojamas Europos S\u0105jungos. Autoriai i\u0161sako asmenines nuomones bei po\u017ei\u016brius, kurie gali nesutapti su Europos S\u0105jungos bei Nacionalin\u0117s Erasmus+ agent\u016bros INDIRE (National Agency Erasmus+ INDIRE). Nei viena i\u0161 min\u0117t\u0173 organizacij\u0173 n\u0117ra atsakinga u\u017e i\u0161sakomas nuomones. 2023-1-IT02-KA220-HED-000164647<\/p>\t\t\t\t\t\t\t\t<\/div>\n\t\t\t\t<div class=\"elementor-element elementor-element-d473c30 animated-slow jltma-glass-effect-no elementor-invisible elementor-widget elementor-widget-heading\" data-id=\"d473c30\" data-element_type=\"widget\" data-e-type=\"widget\" data-settings=\"{&quot;_animation&quot;:&quot;zoomIn&quot;}\" data-widget_type=\"heading.default\">\n\t\t\t\t\t<h2 class=\"elementor-heading-title elementor-size-default\"><a href=\"https:\/\/stem4humanities.eu\/privacy-policy\/\">PRIVACY POLICY<\/a><\/h2>\t\t\t\t<\/div>\n\t\t\t\t<div class=\"elementor-element elementor-element-614577f elementor-widget__width-initial elementor-widget-divider--view-line jltma-glass-effect-no elementor-widget elementor-widget-divider\" data-id=\"614577f\" data-element_type=\"widget\" data-e-type=\"widget\" data-widget_type=\"divider.default\">\n\t\t\t\t\t\t\t<div class=\"elementor-divider\">\n\t\t\t<span class=\"elementor-divider-separator\">\n\t\t\t\t\t\t<\/span>\n\t\t<\/div>\n\t\t\t\t\t\t<\/div>\n\t\t\t\t<section class=\"elementor-section elementor-inner-section elementor-element elementor-element-6aca05b elementor-section-boxed elementor-section-height-default elementor-section-height-default jltma-glass-effect-no\" data-id=\"6aca05b\" data-element_type=\"section\" data-e-type=\"section\">\n\t\t\t\t\t\t<div class=\"elementor-container elementor-column-gap-default\">\n\t\t\t\t\t<div class=\"elementor-column elementor-col-50 elementor-inner-column elementor-element elementor-element-36999c7 jltma-glass-effect-no\" data-id=\"36999c7\" data-element_type=\"column\" data-e-type=\"column\">\n\t\t\t<div class=\"elementor-widget-wrap elementor-element-populated\">\n\t\t\t\t\t\t<div class=\"elementor-element elementor-element-49e6bc2 elementor-widget__width-initial jltma-glass-effect-no elementor-widget elementor-widget-text-editor\" data-id=\"49e6bc2\" data-element_type=\"widget\" data-e-type=\"widget\" data-widget_type=\"text-editor.default\">\n\t\t\t\t\t\t\t\t\t<p>\u00a9 2024 STEM4HUMANITIES ALL RIGHTS RESERVED<\/p>\t\t\t\t\t\t\t\t<\/div>\n\t\t\t\t\t<\/div>\n\t\t<\/div>\n\t\t\t\t<div class=\"elementor-column elementor-col-50 elementor-inner-column elementor-element elementor-element-c061977 jltma-glass-effect-no\" data-id=\"c061977\" data-element_type=\"column\" data-e-type=\"column\">\n\t\t\t<div class=\"elementor-widget-wrap elementor-element-populated\">\n\t\t\t\t\t\t<div class=\"elementor-element elementor-element-562977b elementor-widget__width-initial jltma-glass-effect-no elementor-widget elementor-widget-text-editor\" data-id=\"562977b\" data-element_type=\"widget\" data-e-type=\"widget\" data-widget_type=\"text-editor.default\">\n\t\t\t\t\t\t\t\t\t<p>MADE \ud83d\udd10 BY INNOVATION HIVE<\/p>\t\t\t\t\t\t\t\t<\/div>\n\t\t\t\t\t<\/div>\n\t\t<\/div>\n\t\t\t\t\t<\/div>\n\t\t<\/section>\n\t\t\t\t\t<\/div>\n\t\t<\/div>\n\t\t\t\t\t<\/div>\n\t\t<\/section>\n\t\t\t\t<\/div>\n\t\t","protected":false},"excerpt":{"rendered":"<p>Sveiki atvyk\u0119 \u012f did\u017eiausi\u0105 naujien\u0105 STEM4HUMANITIES Sveiki atvyk\u0119 \u012f m\u016bs\u0173 naujien\u0173 skyri\u0173, kuriame glaustai pateikiama naujausia informacija ir analiz\u0117, kad gal\u0117tum\u0117te priimti pagr\u012fstus sprendimus. Naujausios naujienos Post 1 Pirmasis projekto ,,STEM4Humanities\u201d susitikimas Ma\u010deratoje, Italijoje Post 2 Tobulink mokymo \u012fg\u016bd\u017eius su STEM: atlik \u012fsivertinimo test\u0105! Post 3 Antrasis tarptautinis projekto susitikimas At\u0117nuose, kur\u012f organizavo Metropolitan College Post 4 STEM humanitariniams ir socialiniams mokslams mini kurso k\u016brimas: Duomenimis gr\u012fstas po\u017ei\u016bris Post 5 3-iasis tarptautinis projekto susitikimas Vroclave, Lenkijoje Post 6 Paskutinis tarptautinio projekto susitikimas Vilniuje, Lietuvoje Post 7 Baigiamoji konferencija Vilniuje, Lietuvoje Projektas finansuojamas Europos S\u0105jungos. Autoriai i\u0161sako asmenines nuomones bei po\u017ei\u016brius, kurie gali nesutapti su Europos S\u0105jungos bei Nacionalin\u0117s Erasmus+ agent\u016bros INDIRE (National Agency Erasmus+ INDIRE). Nei viena i\u0161 min\u0117t\u0173 organizacij\u0173 n\u0117ra atsakinga u\u017e i\u0161sakomas nuomones. 2023-1-IT02-KA220-HED-000164647 PRIVACY POLICY \u00a9 2024 STEM4HUMANITIES ALL RIGHTS RESERVED MADE \ud83d\udd10 BY INNOVATION HIVE<\/p>\n","protected":false},"author":1,"featured_media":0,"parent":0,"menu_order":0,"comment_status":"closed","ping_status":"closed","template":"elementor_header_footer","meta":{"_monsterinsights_skip_tracking":false,"_monsterinsights_sitenote_active":false,"_monsterinsights_sitenote_note":"","_monsterinsights_sitenote_category":0,"footnotes":""},"class_list":["post-790","page","type-page","status-publish","hentry"],"_links":{"self":[{"href":"https:\/\/stem4humanities.eu\/index.php?rest_route=\/wp\/v2\/pages\/790","targetHints":{"allow":["GET"]}}],"collection":[{"href":"https:\/\/stem4humanities.eu\/index.php?rest_route=\/wp\/v2\/pages"}],"about":[{"href":"https:\/\/stem4humanities.eu\/index.php?rest_route=\/wp\/v2\/types\/page"}],"author":[{"embeddable":true,"href":"https:\/\/stem4humanities.eu\/index.php?rest_route=\/wp\/v2\/users\/1"}],"replies":[{"embeddable":true,"href":"https:\/\/stem4humanities.eu\/index.php?rest_route=%2Fwp%2Fv2%2Fcomments&post=790"}],"version-history":[{"count":34,"href":"https:\/\/stem4humanities.eu\/index.php?rest_route=\/wp\/v2\/pages\/790\/revisions"}],"predecessor-version":[{"id":1706,"href":"https:\/\/stem4humanities.eu\/index.php?rest_route=\/wp\/v2\/pages\/790\/revisions\/1706"}],"wp:attachment":[{"href":"https:\/\/stem4humanities.eu\/index.php?rest_route=%2Fwp%2Fv2%2Fmedia&parent=790"}],"curies":[{"name":"wp","href":"https:\/\/api.w.org\/{rel}","templated":true}]}}